{"id":1694,"date":"2024-02-15T10:14:41","date_gmt":"2024-02-15T09:14:41","guid":{"rendered":"https:\/\/mpw-rechtsanwaelte.com\/expertises\/"},"modified":"2025-12-12T12:13:12","modified_gmt":"2025-12-12T11:13:12","slug":"expertises","status":"publish","type":"page","link":"https:\/\/mpw-rechtsanwaelte.com\/en\/expertises\/","title":{"rendered":"Expertises"},"content":{"rendered":"<div class=\"gb-container gb-container-c8caf29c alignfull\">\n<div class=\"gb-container gb-container-4b5f0266\">\n<div class=\"gb-container gb-container-42fa11a5\">\n<div class=\"gb-container gb-container-3fa105b2 accordion-big gb-accordion\">\n<div class=\"gb-container gb-container-88b06914 gb-accordion__item gb-accordion__item-open\" data-transition=\"slide\">\n\n<button class=\"gb-button gb-button-76c28567 gb-accordion__toggle gb-block-is-current\" id=\"gb-accordion-toggle-76c28567\"><span class=\"gb-button-text\">Criminal Defense<\/span><span class=\"gb-icon\"><svg xmlns:xlink=\"http:\/\/www.w3.org\/1999\/xlink\" xmlns=\"http:\/\/www.w3.org\/2000\/svg\" xml:space=\"preserve\" style=\"enable-background:new 0 0 27 27;\" viewBox=\"0 0 27 27\" y=\"0px\" x=\"0px\" id=\"Ebene_1\" version=\"1.1\"> <style type=\"text\/css\"> .st0{fill:none;stroke:#010101;stroke-width:2;} <\/style> <path d=\"M13.5,0v27V0z M27,13.5H0\" class=\"st0\"><\/path> <\/svg><\/span><\/button>\n\n\n<div id=\"gb-accordion-content-d0748a11\" class=\"gb-accordion__content\"><div class=\"gb-container gb-container-d0748a11\">\n\n<p>Hardly any other area of legal practice is as complex and challenging as defense and advice in criminal cases. It is not uncommon for the freedom and liberty of those affected to be at stake. The consequences of a criminal conviction are often severe. From the outset, criminal proceedings represent an exceptional situation of immense stress for those affected. As a law firm specializing exclusively in criminal law, we ensure that our criminal defense and our clients benefit from this high standard.    <\/p>\n\n\n\n<a class=\"gb-button gb-button-64074116 gb-button-text\" href=\"https:\/\/mpw-rechtsanwaelte.com\/en\/expertises\/criminal-defense\/\">Learn more<\/a>\n\n<\/div><\/div>\n<\/div>\n\n<div class=\"gb-container gb-container-88698160 gb-accordion__item\" data-transition=\"slide\">\n\n<button class=\"gb-button gb-button-905d47be gb-accordion__toggle\" id=\"gb-accordion-toggle-905d47be\"><span class=\"gb-button-text\">CRIMINAL LAW<\/span><span class=\"gb-icon\"><svg xmlns:xlink=\"http:\/\/www.w3.org\/1999\/xlink\" xmlns=\"http:\/\/www.w3.org\/2000\/svg\" xml:space=\"preserve\" style=\"enable-background:new 0 0 27 27;\" viewBox=\"0 0 27 27\" y=\"0px\" x=\"0px\" id=\"Ebene_1\" version=\"1.1\"> <style type=\"text\/css\"> .st0{fill:none;stroke:#010101;stroke-width:2;} <\/style> <path d=\"M13.5,0v27V0z M27,13.5H0\" class=\"st0\"><\/path> <\/svg><\/span><\/button>\n\n\n<div id=\"gb-accordion-content-80802a94\" class=\"gb-accordion__content\"><div class=\"gb-container gb-container-80802a94\">\n\n<p>Hierbei handelt es sich um jenen Teil des Rechtssystems, der sich mit der Definition von Straftaten und den daf\u00fcr vorgesehenen Strafen befasst. Es legt fest, welche Handlungen als strafbar gelten und welche Konsequenzen drohen. Zum <a href=\"https:\/\/mpw-rechtsanwaelte.com\/en\/expertises\/criminal-law\/#allgemeines-strafrecht\">allgemeinen Strafrecht<\/a> z\u00e4hlen Straftaten wie Mord, Raub, N\u00f6tigung, Diebstahl, Sachbesch\u00e4digung, K\u00f6rperverletzung und vieles mehr.  <\/p>\n\n\n\n<a class=\"gb-button gb-button-fef418ee gb-button-text\" href=\"https:\/\/mpw-rechtsanwaelte.com\/en\/expertises\/criminal-law\/\">Learn more<\/a>\n\n<\/div><\/div>\n<\/div>\n\n<div class=\"gb-container gb-container-44552907 gb-accordion__item\" data-transition=\"slide\">\n\n<button class=\"gb-button gb-button-5ba11e13 gb-accordion__toggle\" id=\"gb-accordion-toggle-5ba11e13\"><span class=\"gb-button-text\">COMMERCIAL CRIMINAL LAW \/ CORRUPTION CRIMINAL LAW<\/span><span class=\"gb-icon\"><svg xmlns:xlink=\"http:\/\/www.w3.org\/1999\/xlink\" xmlns=\"http:\/\/www.w3.org\/2000\/svg\" xml:space=\"preserve\" style=\"enable-background:new 0 0 27 27;\" viewBox=\"0 0 27 27\" y=\"0px\" x=\"0px\" id=\"Ebene_1\" version=\"1.1\"> <style type=\"text\/css\"> .st0{fill:none;stroke:#010101;stroke-width:2;} <\/style> <path d=\"M13.5,0v27V0z M27,13.5H0\" class=\"st0\"><\/path> <\/svg><\/span><\/button>\n\n\n<div id=\"gb-accordion-content-518d816e\" class=\"gb-accordion__content\"><div class=\"gb-container gb-container-518d816e\">\n\n<p>Although the law does not contain a definition of economic and corruption criminal law, these are two essential areas of criminal law.<br>In white collar criminal law, one has to deal with facts such as embezzlement, fraud, fraudulent bankruptcy, anti-competitive agreements, money laundering or accounting offenses. Corruption offenses include, for example, abuse of office, bribery, corruption, acceptance of benefits and prohibited intervention.  <\/p>\n\n\n\n<a class=\"gb-button gb-button-09395184 gb-button-text\" href=\"https:\/\/mpw-rechtsanwaelte.com\/en\/expertises\/commercial-corruption-criminal-law\/\">Learn more<\/a>\n\n<\/div><\/div>\n<\/div>\n\n<div class=\"gb-container gb-container-034bb010 gb-accordion__item\" data-transition=\"slide\">\n\n<button class=\"gb-button gb-button-1b502987 gb-accordion__toggle\" id=\"gb-accordion-toggle-1b502987\"><span class=\"gb-button-text\">Corporate criminal law<\/span><span class=\"gb-icon\"><svg xmlns:xlink=\"http:\/\/www.w3.org\/1999\/xlink\" xmlns=\"http:\/\/www.w3.org\/2000\/svg\" xml:space=\"preserve\" style=\"enable-background:new 0 0 27 27;\" viewBox=\"0 0 27 27\" y=\"0px\" x=\"0px\" id=\"Ebene_1\" version=\"1.1\"> <style type=\"text\/css\"> .st0{fill:none;stroke:#010101;stroke-width:2;} <\/style> <path d=\"M13.5,0v27V0z M27,13.5H0\" class=\"st0\"><\/path> <\/svg><\/span><\/button>\n\n\n<div id=\"gb-accordion-content-b9759018\" class=\"gb-accordion__content\"><div class=\"gb-container gb-container-b9759018\">\n\n<p>Since January 1, 2006, legal entities and partnerships (i.e. companies or associations) can be held criminally liable under Austrian law, in addition to natural persons\/individuals. Accordingly, companies or associations can be subject to criminal prosecution \u2013 just like natural persons\/individuals. The specific regulations regarding the criminal liability of companies or associations can be found in the Corporate Criminal Liability Act.  <\/p>\n\n\n\n<a class=\"gb-button gb-button-962572cb gb-button-text\" href=\"https:\/\/mpw-rechtsanwaelte.com\/en\/expertises\/corporate-criminal-law\/\">Learn more<\/a>\n\n<\/div><\/div>\n<\/div>\n\n<div class=\"gb-container gb-container-0c82a298 gb-accordion__item\" data-transition=\"slide\">\n\n<button class=\"gb-button gb-button-d511e115 gb-accordion__toggle\" id=\"gb-accordion-toggle-d511e115\"><span class=\"gb-button-text\">Representation of private parties<\/span><span class=\"gb-icon\"><svg xmlns:xlink=\"http:\/\/www.w3.org\/1999\/xlink\" xmlns=\"http:\/\/www.w3.org\/2000\/svg\" xml:space=\"preserve\" style=\"enable-background:new 0 0 27 27;\" viewBox=\"0 0 27 27\" y=\"0px\" x=\"0px\" id=\"Ebene_1\" version=\"1.1\"> <style type=\"text\/css\"> .st0{fill:none;stroke:#010101;stroke-width:2;} <\/style> <path d=\"M13.5,0v27V0z M27,13.5H0\" class=\"st0\"><\/path> <\/svg><\/span><\/button>\n\n\n<div id=\"gb-accordion-content-604c9555\" class=\"gb-accordion__content\"><div class=\"gb-container gb-container-604c9555\">\n\n<p>It should not be overlooked that, in connection with criminal offenses, there are often also people who have suffered harm as a result of the crime in question. The criminal law refers to these people as &#8220;<a href=\"https:\/\/mpw-rechtsanwaelte.com\/en\/expertises\/representation-of-private-parties\/#opfervertretung\">victims<\/a>&#8220;.  In order to be able to enforce one&#8217;s own rights and claims as a victim in criminal proceedings, a so-called private party joinder is required.<\/p>\n\n\n\n<a class=\"gb-button gb-button-76f8d490 gb-button-text\" href=\"https:\/\/mpw-rechtsanwaelte.com\/en\/expertises\/representation-of-private-parties\/\">Learn more<\/a>\n\n<\/div><\/div>\n<\/div>\n\n<div class=\"gb-container gb-container-90a20b07 gb-accordion__item\" data-transition=\"slide\">\n\n<button class=\"gb-button gb-button-b0e3e7d8 gb-accordion__toggle\" id=\"gb-accordion-toggle-b0e3e7d8\"><span class=\"gb-button-text\">Criminal Compliance \/ Consultancy<\/span><span class=\"gb-icon\"><svg xmlns:xlink=\"http:\/\/www.w3.org\/1999\/xlink\" xmlns=\"http:\/\/www.w3.org\/2000\/svg\" xml:space=\"preserve\" style=\"enable-background:new 0 0 27 27;\" viewBox=\"0 0 27 27\" y=\"0px\" x=\"0px\" id=\"Ebene_1\" version=\"1.1\"> <style type=\"text\/css\"> .st0{fill:none;stroke:#010101;stroke-width:2;} <\/style> <path d=\"M13.5,0v27V0z M27,13.5H0\" class=\"st0\"><\/path> <\/svg><\/span><\/button>\n\n\n<div id=\"gb-accordion-content-ea14e48b\" class=\"gb-accordion__content\"><div class=\"gb-container gb-container-ea14e48b\">\n\n<p>The field of \u201ccompliance\u201d deals with adherence to laws, guidelines, standards and internal rules for avoiding violations and legal risks in companies or organizations. A functioning compliance system is not only necessary to minimize legal risks. Rather, it has been shown that compliance violations can also damage a company&#8217;s reputation and credibility.  <\/p>\n\n\n\n<a class=\"gb-button gb-button-0494dac1 gb-button-text\" href=\"https:\/\/mpw-rechtsanwaelte.com\/en\/expertises\/criminal-compliance-consultancy\/\">Learn more<\/a>\n\n<\/div><\/div>\n<\/div>\n\n<div class=\"gb-container gb-container-c22e4631 gb-accordion__item\" data-transition=\"slide\">\n\n<button class=\"gb-button gb-button-80cabe9c gb-accordion__toggle\" id=\"gb-accordion-toggle-80cabe9c\"><span class=\"gb-button-text\">Lectures \/ Seminars<\/span><span class=\"gb-icon\"><svg xmlns:xlink=\"http:\/\/www.w3.org\/1999\/xlink\" xmlns=\"http:\/\/www.w3.org\/2000\/svg\" xml:space=\"preserve\" style=\"enable-background:new 0 0 27 27;\" viewBox=\"0 0 27 27\" y=\"0px\" x=\"0px\" id=\"Ebene_1\" version=\"1.1\"> <style type=\"text\/css\"> .st0{fill:none;stroke:#010101;stroke-width:2;} <\/style> <path d=\"M13.5,0v27V0z M27,13.5H0\" class=\"st0\"><\/path> <\/svg><\/span><\/button>\n\n\n<div id=\"gb-accordion-content-6cac586f\" class=\"gb-accordion__content\"><div class=\"gb-container gb-container-6cac586f\">\n\n<p>In addition to our core activities as defense attorneys and criminal defense counselors, we also work as lecturers. In lectures and seminars, we impart both basic knowledge of criminal law and specialized knowledge on individual legal matters with criminal law implications. This area of activity therefore complements our orientation as a specialized law firm for criminal law and ensures the high quality of our work.  <\/p>\n\n\n\n<a class=\"gb-button gb-button-a0d34559 gb-button-text\" href=\"https:\/\/mpw-rechtsanwaelte.com\/en\/expertises\/lectures-seminars\/\">Learn more<\/a>\n\n<\/div><\/div>\n<\/div>\n<\/div>\n<\/div>\n<\/div>\n<\/div>","protected":false},"excerpt":{"rendered":"<p>Hardly any other area of legal practice is as complex and challenging as defense and advice in criminal cases. It is not uncommon for the freedom and liberty of those affected to be at stake. The consequences of a criminal conviction are often severe. From the outset, criminal proceedings represent an exceptional situation of immense &#8230; <a title=\"Expertises\" class=\"read-more\" href=\"https:\/\/mpw-rechtsanwaelte.com\/en\/expertises\/\" aria-label=\"Read more about Expertises\">Read more<\/a><\/p>\n","protected":false},"author":3,"featured_media":0,"parent":0,"menu_order":11,"comment_status":"closed","ping_status":"closed","template":"","meta":{"_acf_changed":false,"footnotes":""},"class_list":["post-1694","page","type-page","status-publish"],"acf":[],"yoast_head":"<!-- This site is optimized with the Yoast SEO plugin v27.3 - https:\/\/yoast.com\/product\/yoast-seo-wordpress\/ -->\n<title>Expertises - MPW Rechtsanw\u00e4lte - Wiener Kanzlei f\u00fcr Strafrecht<\/title>\n<meta name=\"description\" content=\"Criminal law firm Vienna: criminal defense, commercial, corporate criminal law &amp; more. We protect your rights and minimize risks.\" \/>\n<meta name=\"robots\" content=\"index, follow, max-snippet:-1, max-image-preview:large, max-video-preview:-1\" \/>\n<link rel=\"canonical\" href=\"https:\/\/mpw-rechtsanwaelte.com\/en\/expertises\/\" \/>\n<meta property=\"og:locale\" content=\"en_US\" \/>\n<meta property=\"og:type\" content=\"article\" \/>\n<meta property=\"og:title\" content=\"Expertises - MPW Rechtsanw\u00e4lte - Wiener Kanzlei f\u00fcr Strafrecht\" \/>\n<meta property=\"og:description\" content=\"Criminal law firm Vienna: criminal defense, commercial, corporate criminal law &amp; more. We protect your rights and minimize risks.\" \/>\n<meta property=\"og:url\" content=\"https:\/\/mpw-rechtsanwaelte.com\/en\/expertises\/\" \/>\n<meta property=\"og:site_name\" content=\"MPW Rechtsanw\u00e4lte - Wiener Kanzlei f\u00fcr Strafrecht\" \/>\n<meta property=\"article:modified_time\" content=\"2025-12-12T11:13:12+00:00\" \/>\n<meta name=\"twitter:card\" content=\"summary_large_image\" \/>\n<meta name=\"twitter:label1\" content=\"Est. reading time\" \/>\n\t<meta name=\"twitter:data1\" content=\"3 minutes\" \/>\n<script type=\"application\/ld+json\" class=\"yoast-schema-graph\">{\"@context\":\"https:\\\/\\\/schema.org\",\"@graph\":[{\"@type\":\"WebPage\",\"@id\":\"https:\\\/\\\/mpw-rechtsanwaelte.com\\\/en\\\/expertises\\\/\",\"url\":\"https:\\\/\\\/mpw-rechtsanwaelte.com\\\/en\\\/expertises\\\/\",\"name\":\"Expertises - MPW Rechtsanw\u00e4lte - Wiener Kanzlei f\u00fcr Strafrecht\",\"isPartOf\":{\"@id\":\"https:\\\/\\\/mpw-rechtsanwaelte.com\\\/en\\\/#website\"},\"datePublished\":\"2024-02-15T09:14:41+00:00\",\"dateModified\":\"2025-12-12T11:13:12+00:00\",\"description\":\"Criminal law firm Vienna: criminal defense, commercial, corporate criminal law & more. We protect your rights and minimize risks.\",\"breadcrumb\":{\"@id\":\"https:\\\/\\\/mpw-rechtsanwaelte.com\\\/en\\\/expertises\\\/#breadcrumb\"},\"inLanguage\":\"en-US\",\"potentialAction\":[{\"@type\":\"ReadAction\",\"target\":[\"https:\\\/\\\/mpw-rechtsanwaelte.com\\\/en\\\/expertises\\\/\"]}]},{\"@type\":\"BreadcrumbList\",\"@id\":\"https:\\\/\\\/mpw-rechtsanwaelte.com\\\/en\\\/expertises\\\/#breadcrumb\",\"itemListElement\":[{\"@type\":\"ListItem\",\"position\":1,\"name\":\"Home\",\"item\":\"https:\\\/\\\/mpw-rechtsanwaelte.com\\\/en\\\/\"},{\"@type\":\"ListItem\",\"position\":2,\"name\":\"Expertises\"}]},{\"@type\":\"WebSite\",\"@id\":\"https:\\\/\\\/mpw-rechtsanwaelte.com\\\/en\\\/#website\",\"url\":\"https:\\\/\\\/mpw-rechtsanwaelte.com\\\/en\\\/\",\"name\":\"MPW Rechtsanw\u00e4lte - Wiener Kanzlei f\u00fcr Strafrecht\",\"description\":\"Strafrecht auf den Punkt.\",\"publisher\":{\"@id\":\"https:\\\/\\\/mpw-rechtsanwaelte.com\\\/en\\\/#organization\"},\"potentialAction\":[{\"@type\":\"SearchAction\",\"target\":{\"@type\":\"EntryPoint\",\"urlTemplate\":\"https:\\\/\\\/mpw-rechtsanwaelte.com\\\/en\\\/?s={search_term_string}\"},\"query-input\":{\"@type\":\"PropertyValueSpecification\",\"valueRequired\":true,\"valueName\":\"search_term_string\"}}],\"inLanguage\":\"en-US\"},{\"@type\":\"Organization\",\"@id\":\"https:\\\/\\\/mpw-rechtsanwaelte.com\\\/en\\\/#organization\",\"name\":\"MPW Rechtsanw\u00e4lte - Wiener Kanzlei f\u00fcr Strafrecht\",\"url\":\"https:\\\/\\\/mpw-rechtsanwaelte.com\\\/en\\\/\",\"logo\":{\"@type\":\"ImageObject\",\"inLanguage\":\"en-US\",\"@id\":\"https:\\\/\\\/mpw-rechtsanwaelte.com\\\/en\\\/#\\\/schema\\\/logo\\\/image\\\/\",\"url\":\"https:\\\/\\\/mpw-rechtsanwaelte.com\\\/wp-content\\\/uploads\\\/2024\\\/04\\\/mpw-namen-1.svg\",\"contentUrl\":\"https:\\\/\\\/mpw-rechtsanwaelte.com\\\/wp-content\\\/uploads\\\/2024\\\/04\\\/mpw-namen-1.svg\",\"caption\":\"MPW Rechtsanw\u00e4lte - Wiener Kanzlei f\u00fcr Strafrecht\"},\"image\":{\"@id\":\"https:\\\/\\\/mpw-rechtsanwaelte.com\\\/en\\\/#\\\/schema\\\/logo\\\/image\\\/\"}}]}<\/script>\n<!-- \/ Yoast SEO plugin. -->","yoast_head_json":{"title":"Expertises - MPW Rechtsanw\u00e4lte - Wiener Kanzlei f\u00fcr Strafrecht","description":"Criminal law firm Vienna: criminal defense, commercial, corporate criminal law & more. We protect your rights and minimize risks.","robots":{"index":"index","follow":"follow","max-snippet":"max-snippet:-1","max-image-preview":"max-image-preview:large","max-video-preview":"max-video-preview:-1"},"canonical":"https:\/\/mpw-rechtsanwaelte.com\/en\/expertises\/","og_locale":"en_US","og_type":"article","og_title":"Expertises - MPW Rechtsanw\u00e4lte - Wiener Kanzlei f\u00fcr Strafrecht","og_description":"Criminal law firm Vienna: criminal defense, commercial, corporate criminal law & more. We protect your rights and minimize risks.","og_url":"https:\/\/mpw-rechtsanwaelte.com\/en\/expertises\/","og_site_name":"MPW Rechtsanw\u00e4lte - Wiener Kanzlei f\u00fcr Strafrecht","article_modified_time":"2025-12-12T11:13:12+00:00","twitter_card":"summary_large_image","twitter_misc":{"Est. reading time":"3 minutes"},"schema":{"@context":"https:\/\/schema.org","@graph":[{"@type":"WebPage","@id":"https:\/\/mpw-rechtsanwaelte.com\/en\/expertises\/","url":"https:\/\/mpw-rechtsanwaelte.com\/en\/expertises\/","name":"Expertises - MPW Rechtsanw\u00e4lte - Wiener Kanzlei f\u00fcr Strafrecht","isPartOf":{"@id":"https:\/\/mpw-rechtsanwaelte.com\/en\/#website"},"datePublished":"2024-02-15T09:14:41+00:00","dateModified":"2025-12-12T11:13:12+00:00","description":"Criminal law firm Vienna: criminal defense, commercial, corporate criminal law & more. We protect your rights and minimize risks.","breadcrumb":{"@id":"https:\/\/mpw-rechtsanwaelte.com\/en\/expertises\/#breadcrumb"},"inLanguage":"en-US","potentialAction":[{"@type":"ReadAction","target":["https:\/\/mpw-rechtsanwaelte.com\/en\/expertises\/"]}]},{"@type":"BreadcrumbList","@id":"https:\/\/mpw-rechtsanwaelte.com\/en\/expertises\/#breadcrumb","itemListElement":[{"@type":"ListItem","position":1,"name":"Home","item":"https:\/\/mpw-rechtsanwaelte.com\/en\/"},{"@type":"ListItem","position":2,"name":"Expertises"}]},{"@type":"WebSite","@id":"https:\/\/mpw-rechtsanwaelte.com\/en\/#website","url":"https:\/\/mpw-rechtsanwaelte.com\/en\/","name":"MPW Rechtsanw\u00e4lte - Wiener Kanzlei f\u00fcr Strafrecht","description":"Strafrecht auf den Punkt.","publisher":{"@id":"https:\/\/mpw-rechtsanwaelte.com\/en\/#organization"},"potentialAction":[{"@type":"SearchAction","target":{"@type":"EntryPoint","urlTemplate":"https:\/\/mpw-rechtsanwaelte.com\/en\/?s={search_term_string}"},"query-input":{"@type":"PropertyValueSpecification","valueRequired":true,"valueName":"search_term_string"}}],"inLanguage":"en-US"},{"@type":"Organization","@id":"https:\/\/mpw-rechtsanwaelte.com\/en\/#organization","name":"MPW Rechtsanw\u00e4lte - Wiener Kanzlei f\u00fcr Strafrecht","url":"https:\/\/mpw-rechtsanwaelte.com\/en\/","logo":{"@type":"ImageObject","inLanguage":"en-US","@id":"https:\/\/mpw-rechtsanwaelte.com\/en\/#\/schema\/logo\/image\/","url":"https:\/\/mpw-rechtsanwaelte.com\/wp-content\/uploads\/2024\/04\/mpw-namen-1.svg","contentUrl":"https:\/\/mpw-rechtsanwaelte.com\/wp-content\/uploads\/2024\/04\/mpw-namen-1.svg","caption":"MPW Rechtsanw\u00e4lte - Wiener Kanzlei f\u00fcr Strafrecht"},"image":{"@id":"https:\/\/mpw-rechtsanwaelte.com\/en\/#\/schema\/logo\/image\/"}}]}},"_links":{"self":[{"href":"https:\/\/mpw-rechtsanwaelte.com\/en\/wp-json\/wp\/v2\/pages\/1694","targetHints":{"allow":["GET"]}}],"collection":[{"href":"https:\/\/mpw-rechtsanwaelte.com\/en\/wp-json\/wp\/v2\/pages"}],"about":[{"href":"https:\/\/mpw-rechtsanwaelte.com\/en\/wp-json\/wp\/v2\/types\/page"}],"author":[{"embeddable":true,"href":"https:\/\/mpw-rechtsanwaelte.com\/en\/wp-json\/wp\/v2\/users\/3"}],"replies":[{"embeddable":true,"href":"https:\/\/mpw-rechtsanwaelte.com\/en\/wp-json\/wp\/v2\/comments?post=1694"}],"version-history":[{"count":8,"href":"https:\/\/mpw-rechtsanwaelte.com\/en\/wp-json\/wp\/v2\/pages\/1694\/revisions"}],"predecessor-version":[{"id":3535,"href":"https:\/\/mpw-rechtsanwaelte.com\/en\/wp-json\/wp\/v2\/pages\/1694\/revisions\/3535"}],"wp:attachment":[{"href":"https:\/\/mpw-rechtsanwaelte.com\/en\/wp-json\/wp\/v2\/media?parent=1694"}],"curies":[{"name":"wp","href":"https:\/\/api.w.org\/{rel}","templated":true}]}}